{"id":247,"date":"2025-08-29T10:37:57","date_gmt":"2025-08-29T10:37:57","guid":{"rendered":"https:\/\/demo.blockskit.com\/corporate-agency\/?page_id=210"},"modified":"2025-12-06T22:47:47","modified_gmt":"2025-12-06T22:47:47","slug":"about","status":"publish","type":"page","link":"https:\/\/yxploreholdings.com\/fr\/about\/","title":{"rendered":"\u00c0 propos"},"content":{"rendered":"<div class=\"wp-block-uagb-container uagb-block-0f08c481 alignfull uagb-is-root-container\">\n<div class=\"wp-block-uagb-container uagb-block-ba84eef1 alignfull uagb-is-root-container\"><div class=\"uagb-container-inner-blocks-wrap\">\n<div class=\"wp-block-uagb-container uagb-block-f227acca\">\n<div class=\"wp-block-group is-horizontal is-nowrap is-layout-flex wp-container-core-group-is-layout-57fc9427 wp-block-group-is-layout-flex\" style=\"margin-bottom:var(--wp--preset--spacing--xx-small)\">\n<div class=\"wp-block-uagb-advanced-heading uagb-block-eecdf7b7\"><div class=\"uagb-heading-text\">\u00c0 PROPOS DE NOUS<\/div><\/div>\n\n\n\n<div class=\"wp-block-uagb-separator uagb-block-0cdae397 is-style-default\"><div class=\"wp-block-uagb-separator__inner\" style=\"--my-background-image:\"><\/div><\/div>\n<\/div>\n\n\n\n<div class=\"wp-block-uagb-advanced-heading uagb-block-3811b461\"><h4 class=\"uagb-heading-text\"><em>Notre histoire, notre vision et l'\u00e9quipe qui red\u00e9finit l'avenir du voyage.<\/em><\/h4><\/div>\n\n\n\n<p class=\"has-small-font-size wp-block-paragraph\" style=\"margin-bottom:0\">Chez YXPLORE HOLDINGS Inc., nous mettons en relation les voyageurs avec des exp\u00e9riences et les investisseurs avec des opportunit\u00e9s, cr\u00e9ant ainsi une nouvelle dimension dans l'industrie du tourisme.<\/p>\n<\/div>\n\n\n\n<div class=\"wp-block-uagb-container uagb-block-f377de33\">\n<div class=\"wp-block-uagb-container uagb-block-d331b1f7\">\n<div class=\"wp-block-uagb-container uagb-block-62d1dc9d\">\n<div class=\"wp-block-group has-global-padding is-layout-constrained wp-block-group-is-layout-constrained\">\n<div class=\"wp-block-uagb-info-box uagb-block-9c03364e uagb-infobox__content-wrap  uagb-infobox-icon-left-title uagb-infobox-left uagb-infobox-image-valign-middle\"><div class=\"uagb-ifb-content\"><div class=\"uagb-ifb-left-title-image\"><div class=\"uagb-ifb-icon-wrap\"><div class=\"uagb-iconbox-icon-wrap uagb-infobox-shape-circle\"><svg xmlns=\"https:\/\/www.w3.org\/2000\/svg\" viewbox=\"0 0 512 512\"><path d=\"M511.6 36.86l-64 415.1c-1.5 9.734-7.375 18.22-15.97 23.05c-4.844 2.719-10.27 4.097-15.68 4.097c-4.188 0-8.319-.8154-12.29-2.472l-122.6-51.1l-50.86 76.29C226.3 508.5 219.8 512 212.8 512C201.3 512 192 502.7 192 491.2v-96.18c0-7.115 2.372-14.03 6.742-19.64L416 96l-293.7 264.3L19.69 317.5C8.438 312.8 .8125 302.2 .0625 289.1s5.469-23.72 16.06-29.77l448-255.1c10.69-6.109 23.88-5.547 34 1.406S513.5 24.72 511.6 36.86z\"><\/path><\/svg><\/div><\/div><div class=\"uagb-ifb-title-wrap\"><h3 class=\"uagb-ifb-title\">Notre Mission<\/h3><\/div><\/div><p class=\"uagb-ifb-desc\">Cette approche int\u00e9gr\u00e9e vise \u00e0 transformer la relation entre les voyageurs, les partenaires et les destinations, en faisant de chaque participant un acteur engag\u00e9. En combinant technologie, \u00e9ducation, finance et immobilier, nous construisons une plateforme qui va au-del\u00e0 de la simple exp\u00e9rience touristique pour devenir un v\u00e9ritable catalyseur de croissance locale et de partage des connaissances. Ainsi, chaque voyage devient une occasion de d\u00e9couvrir, de contribuer et de promouvoir les tr\u00e9sors \u00e9mergents \u00e0 travers le monde.<br><br><\/p><\/div><\/div>\n<\/div>\n<\/div>\n\n\n\n<div class=\"wp-block-uagb-container uagb-block-ea539e66\">\n<div class=\"wp-block-uagb-info-box uagb-block-22b47e66 uagb-infobox__content-wrap  uagb-infobox-icon-left-title uagb-infobox-left uagb-infobox-image-valign-middle\"><div class=\"uagb-ifb-content\"><div class=\"uagb-ifb-left-title-image\"><div class=\"uagb-ifb-icon-wrap\"><div class=\"uagb-iconbox-icon-wrap uagb-infobox-shape-circle\"><svg xmlns=\"https:\/\/www.w3.org\/2000\/svg\" viewbox=\"0 0 512 512\"><path d=\"M223.7 130.8L149.1 7.77C147.1 2.949 141.9 0 136.3 0H16.03c-12.95 0-20.53 14.58-13.1 25.18l111.3 158.9C143.9 156.4 181.7 137.3 223.7 130.8zM256 160c-97.25 0-176 78.75-176 176S158.8 512 256 512s176-78.75 176-176S353.3 160 256 160zM348.5 317.3l-37.88 37l8.875 52.25c1.625 9.25-8.25 16.5-16.63 12l-46.88-24.62L209.1 418.5c-8.375 4.5-18.25-2.75-16.63-12l8.875-52.25l-37.88-37C156.6 310.6 160.5 299 169.9 297.6l52.38-7.625L245.7 242.5c2-4.25 6.125-6.375 10.25-6.375S264.2 238.3 266.2 242.5l23.5 47.5l52.38 7.625C351.6 299 355.4 310.6 348.5 317.3zM495.1 0H375.7c-5.621 0-10.83 2.949-13.72 7.77l-73.76 122.1c42 6.5 79.88 25.62 109.5 53.38l111.3-158.9C516.5 14.58 508.9 0 495.1 0z\"><\/path><\/svg><\/div><\/div><div class=\"uagb-ifb-title-wrap\"><h3 class=\"uagb-ifb-title\">Notre Vision<\/h3><\/div><\/div><p class=\"uagb-ifb-desc\">\u00catre le v\u00e9ritable catalyseur d'une industrie touristique innovante et in\u00e9dite, o\u00f9 chaque voyage est bien plus qu'un simple d\u00e9placement : c'est une occasion unique de d\u00e9couverte approfondie, d'enrichissement personnel et de cr\u00e9ation durable de valeur \u00e9conomique inclusive. Cette valeur profite aux voyageurs curieux et engag\u00e9s, aux communaut\u00e9s locales accueillantes et \u00e0 tous nos pr\u00e9cieux partenaires impliqu\u00e9s dans cette aventure collective.<\/p><\/div><\/div>\n\n\n\n<div style=\"height:100px\" aria-hidden=\"true\" class=\"wp-block-spacer\"><\/div>\n<\/div>\n<\/div>\n<\/div>\n<\/div><\/div>\n\n\n\n<div class=\"wp-block-uagb-container uagb-block-1da14f15 alignfull uagb-is-root-container\"><div class=\"uagb-container-inner-blocks-wrap\">\n<div class=\"wp-block-uagb-container uagb-block-4d2595e9\">\n<div class=\"wp-block-uagb-container uagb-block-6a30a933\">\n<div class=\"wp-block-uagb-counter uagb-block-39c5fb2e wp-block-uagb-counter--number\"><div class=\"wp-block-uagb-counter__number\"><span class=\"uagb-counter-block-number\" data-duration=\"1.5\" data-to-value=\"300\" data-from-value=\"0\" data-delimiter=\",\"><\/span><span class=\"uagb-counter-block-suffix\">+<\/span><\/div><div class=\"wp-block-uagb-counter__title\">Compagnies a\u00e9riennes<\/div><\/div>\n<\/div>\n\n\n\n<div class=\"wp-block-uagb-container uagb-block-bfd935ea\">\n<div class=\"wp-block-uagb-counter uagb-block-cfbb9be6 wp-block-uagb-counter--number\"><div class=\"wp-block-uagb-counter__number\"><span class=\"uagb-counter-block-prefix\">1,<\/span><span class=\"uagb-counter-block-number\" data-duration=\"2\" data-to-value=\"4\" data-from-value=\"0\" data-delimiter=\",\"><\/span><span class=\"uagb-counter-block-suffix\">M+<\/span><\/div><div class=\"wp-block-uagb-counter__title\">H\u00f4tels<\/div><\/div>\n<\/div>\n\n\n\n<div class=\"wp-block-uagb-container uagb-block-a59d7e16\">\n<div class=\"wp-block-uagb-counter uagb-block-68267361 wp-block-uagb-counter--number\"><div class=\"wp-block-uagb-counter__number\"><span class=\"uagb-counter-block-prefix\">1,<\/span><span class=\"uagb-counter-block-number\" data-duration=\"3\" data-to-value=\"8\" data-from-value=\"0\" data-delimiter=\",\"><\/span><span class=\"uagb-counter-block-suffix\">K+<\/span><\/div><div class=\"wp-block-uagb-counter__title\">\u00c9v\u00e9nements<\/div><\/div>\n<\/div>\n\n\n\n<div class=\"wp-block-uagb-container uagb-block-a3c40f87\">\n<div class=\"wp-block-uagb-counter uagb-block-820ac14e wp-block-uagb-counter--number\"><div class=\"wp-block-uagb-counter__number\"><span class=\"uagb-counter-block-number\" data-duration=\"3.5\" data-to-value=\"10\" data-from-value=\"0\" data-delimiter=\",\"><\/span><span class=\"uagb-counter-block-suffix\">K+<\/span><\/div><div class=\"wp-block-uagb-counter__title\">Destinations<\/div><\/div>\n<\/div>\n\n\n\n<div class=\"wp-block-uagb-container uagb-block-4d392119\">\n<div class=\"wp-block-uagb-counter uagb-block-5f43a228 wp-block-uagb-counter--number\"><div class=\"wp-block-uagb-counter__number\"><span class=\"uagb-counter-block-number\" data-duration=\"4\" data-to-value=\"190\" data-from-value=\"0\" data-delimiter=\",\"><\/span><span class=\"uagb-counter-block-suffix\">+<\/span><\/div><div class=\"wp-block-uagb-counter__title\">Pays disponibles<\/div><\/div>\n<\/div>\n<\/div>\n<\/div><\/div>\n\n\n\n<div class=\"wp-block-uagb-container uagb-block-e79d5679 alignfull uagb-is-root-container\"><div class=\"uagb-container-inner-blocks-wrap\">\n<div class=\"wp-block-uagb-container uagb-block-3f79fdb8\">\n<div class=\"wp-block-uagb-container uagb-block-65e967ad\">\n<div class=\"wp-block-uagb-container uagb-block-ee7f50b7\">      \n\t\t\t<div class=\"uagb-icon-wrapper uagb-block-777a58af\"\n\t\t\tstyle=\"\" >\n\t\t\t\t\t\t\t\t\t<span class=\"uagb-svg-wrapper\" \n\t\t\t\t\t aria-label=\"Lire\"\t\t\t\t\ttabindex=\"0\">\t\t\n\t\t\t\t\t\t\t\t\t\t<svg xmlns=\"https:\/\/www.w3.org\/2000\/svg\" viewbox= \"0 0 384 512\" role=\"graphics-symbol\" aria-hidden=\"false\" aria-label=\"\"><path d=\"M361 215C375.3 223.8 384 239.3 384 256C384 272.7 375.3 288.2 361 296.1L73.03 472.1C58.21 482 39.66 482.4 24.52 473.9C9.377 465.4 0 449.4 0 432V80C0 62.64 9.377 46.63 24.52 38.13C39.66 29.64 58.21 29.99 73.03 39.04L361 215z\"><\/path><\/svg>\n\t\t\t\t\t\t\t\t\t<\/span>\n\t\t\t\t\t\t\t<\/div>\n\t\t\t<\/div>\n<\/div>\n\n\n\n<div class=\"wp-block-uagb-container uagb-block-fa777fa3\">\n<div class=\"wp-block-uagb-advanced-heading uagb-block-f4af6550\"><h6 class=\"uagb-heading-text\">Partenariat <\/h6><\/div>\n\n\n\n<p class=\"has-text-align-center has-accent-text-color has-text-color has-link-color has-large-font-size wp-elements-d999bd8a055931185072eb68f268e8d5 wp-block-paragraph\" style=\"margin-top:0;margin-right:0;margin-bottom:0;margin-left:0;font-style:normal;font-weight:600;line-height:1.1\"><strong>de Confiance<\/strong><\/p>\n<\/div>\n<\/div>\n\n\n\n<div class=\"wp-block-uagb-container uagb-block-8dfadc0a\">\n<div class=\"wp-block-uagb-container uagb-block-5c642eaa\">\n<div class=\"wp-block-uagb-info-box uagb-block-2e4895f2 uagb-infobox__content-wrap  uagb-infobox-icon-left uagb-infobox-left uagb-infobox-stacked-tablet uagb-infobox-image-valign-middle\"><div class=\"uagb-ifb-icon-wrap\"><div class=\"uagb-iconbox-icon-wrap uagb-infobox-shape-circle\"><svg xmlns=\"https:\/\/www.w3.org\/2000\/svg\" viewbox=\"0 0 576 512\"><path d=\"M352 176C369.7 176 384 190.3 384 208C384 225.7 369.7 240 352 240H320V448H368C421 448 464 405 464 352V345.9L456.1 352.1C447.6 362.3 432.4 362.3 423 352.1C413.7 343.6 413.7 328.4 423 319L479 263C488.4 253.7 503.6 253.7 512.1 263L568.1 319C578.3 328.4 578.3 343.6 568.1 352.1C559.6 362.3 544.4 362.3 535 352.1L528 345.9V352C528 440.4 456.4 512 368 512H208C119.6 512 48 440.4 48 352V345.9L40.97 352.1C31.6 362.3 16.4 362.3 7.029 352.1C-2.343 343.6-2.343 328.4 7.029 319L63.03 263C72.4 253.7 87.6 253.7 96.97 263L152.1 319C162.3 328.4 162.3 343.6 152.1 352.1C143.6 362.3 128.4 362.3 119 352.1L112 345.9V352C112 405 154.1 448 208 448H256V240H224C206.3 240 192 225.7 192 208C192 190.3 206.3 176 224 176H234.9C209 158.8 192 129.4 192 96C192 42.98 234.1 0 288 0C341 0 384 42.98 384 96C384 129.4 366.1 158.8 341.1 176H352zM288 128C305.7 128 320 113.7 320 96C320 78.33 305.7 64 288 64C270.3 64 256 78.33 256 96C256 113.7 270.3 128 288 128z\"><\/path><\/svg><\/div><\/div><div class=\"uagb-ifb-content\"><div class=\"uagb-ifb-title-wrap\"><h4 class=\"uagb-ifb-title\"><strong>S\u00e9curit\u00e9 et fiabilit\u00e9<\/strong><\/h4><\/div><p class=\"uagb-ifb-desc\">Protocoles de s\u00e9curit\u00e9 avanc\u00e9s<br>Architecture robuste<br>Architecture robuste<\/p><\/div><\/div>\n<\/div>\n\n\n\n<div class=\"wp-block-uagb-container uagb-block-1a71d876\">\n<div class=\"wp-block-uagb-info-box uagb-block-5c15fc60 uagb-infobox__content-wrap  uagb-infobox-icon-left uagb-infobox-left uagb-infobox-stacked-tablet uagb-infobox-image-valign-middle\"><div class=\"uagb-ifb-icon-wrap\"><div class=\"uagb-iconbox-icon-wrap uagb-infobox-shape-circle\"><svg xmlns=\"https:\/\/www.w3.org\/2000\/svg\" viewbox=\"0 0 512 512\"><path d=\"M464 16c-17.67 0-32 14.31-32 32v74.09C392.1 66.52 327.4 32 256 32C161.5 32 78.59 92.34 49.58 182.2c-5.438 16.81 3.797 34.88 20.61 40.28c16.89 5.5 34.88-3.812 40.3-20.59C130.9 138.5 189.4 96 256 96c50.5 0 96.26 24.55 124.4 64H336c-17.67 0-32 14.31-32 32s14.33 32 32 32h128c17.67 0 32-14.31 32-32V48C496 30.31 481.7 16 464 16zM441.8 289.6c-16.92-5.438-34.88 3.812-40.3 20.59C381.1 373.5 322.6 416 256 416c-50.5 0-96.25-24.55-124.4-64H176c17.67 0 32-14.31 32-32s-14.33-32-32-32h-128c-17.67 0-32 14.31-32 32v144c0 17.69 14.33 32 32 32s32-14.31 32-32v-74.09C119.9 445.5 184.6 480 255.1 480c94.45 0 177.4-60.34 206.4-150.2C467.9 313 458.6 294.1 441.8 289.6z\"><\/path><\/svg><\/div><\/div><div class=\"uagb-ifb-content\"><div class=\"uagb-ifb-title-wrap\"><h4 class=\"uagb-ifb-title\"><strong>Innovation continue<\/strong><\/h4><\/div><p class=\"uagb-ifb-desc\">\u00c9quipe d'experts d\u00e9di\u00e9e<br>Investissement dans les technologies \u00e9mergentes<br>Am\u00e9lioration continue de la plateforme<\/p><\/div><\/div>\n<\/div>\n\n\n\n<div class=\"wp-block-uagb-container uagb-block-a9d18b25\">\n<div class=\"wp-block-uagb-info-box uagb-block-d4eb0ca5 uagb-infobox__content-wrap  uagb-infobox-icon-left uagb-infobox-left uagb-infobox-stacked-tablet uagb-infobox-image-valign-middle\"><div class=\"uagb-ifb-icon-wrap\"><div class=\"uagb-iconbox-icon-wrap uagb-infobox-shape-circle\"><svg xmlns=\"https:\/\/www.w3.org\/2000\/svg\" viewbox=\"0 0 640 512\"><path d=\"M223.1 256c70.7 0 128-57.31 128-128s-57.3-128-128-128C153.3 0 96 57.31 96 128S153.3 256 223.1 256zM274.7 304H173.3C77.61 304 0 381.7 0 477.4C0 496.5 15.52 512 34.66 512h286.4c-1.246-5.531-1.43-11.31-.2832-17.04l14.28-71.41c1.943-9.723 6.676-18.56 13.68-25.56l45.72-45.72C363.3 322.4 321.2 304 274.7 304zM371.4 420.6c-2.514 2.512-4.227 5.715-4.924 9.203l-14.28 71.41c-1.258 6.289 4.293 11.84 10.59 10.59l71.42-14.29c3.482-.6992 6.682-2.406 9.195-4.922l125.3-125.3l-72.01-72.01L371.4 420.6zM629.5 255.7l-21.1-21.11c-14.06-14.06-36.85-14.06-50.91 0l-38.13 38.14l72.01 72.01l38.13-38.13C643.5 292.5 643.5 269.7 629.5 255.7z\"><\/path><\/svg><\/div><\/div><div class=\"uagb-ifb-content\"><div class=\"uagb-ifb-title-wrap\"><h4 class=\"uagb-ifb-title\"><strong>Assistance personnalis\u00e9e<\/strong><\/h4><\/div><p class=\"uagb-ifb-desc\">Assistance d\u00e9di\u00e9e aux voyageurs et aux partenaires<br>Assistance \u00e0 chaque \u00e9tape<br>Relations privil\u00e9gi\u00e9es avec la client\u00e8le<\/p><\/div><\/div>\n<\/div>\n<\/div>\n<\/div><\/div>\n<\/div>","protected":false},"excerpt":{"rendered":"<p>ABOUT US Our history, our vision, and the team redefining the future of travel. At YXPLORE HOLDINGS, we connect travelers to experiences and investors to opportunities, creating a new dimension in the tourism industry. Trustworthy Partnership<\/p>","protected":false},"author":1,"featured_media":0,"parent":0,"menu_order":0,"comment_status":"closed","ping_status":"closed","template":"page-no-gap","meta":{"_crdt_document":"","_uag_custom_page_level_css":"","footnotes":""},"class_list":["post-247","page","type-page","status-publish","hentry"],"uagb_featured_image_src":{"full":false,"thumbnail":false,"medium":false,"medium_large":false,"large":false,"1536x1536":false,"2048x2048":false,"trp-custom-language-flag":false},"uagb_author_info":{"display_name":"admin","author_link":"https:\/\/yxploreholdings.com\/fr\/author\/admin\/"},"uagb_comment_info":0,"uagb_excerpt":"ABOUT US Our history, our vision, and the team redefining the future of travel. At YXPLORE HOLDINGS, we connect travelers to experiences and investors to opportunities, creating a new dimension in the tourism industry. Trustworthy Partnership","jetpack_sharing_enabled":true,"_links":{"self":[{"href":"https:\/\/yxploreholdings.com\/fr\/wp-json\/wp\/v2\/pages\/247","targetHints":{"allow":["GET"]}}],"collection":[{"href":"https:\/\/yxploreholdings.com\/fr\/wp-json\/wp\/v2\/pages"}],"about":[{"href":"https:\/\/yxploreholdings.com\/fr\/wp-json\/wp\/v2\/types\/page"}],"author":[{"embeddable":true,"href":"https:\/\/yxploreholdings.com\/fr\/wp-json\/wp\/v2\/users\/1"}],"replies":[{"embeddable":true,"href":"https:\/\/yxploreholdings.com\/fr\/wp-json\/wp\/v2\/comments?post=247"}],"version-history":[{"count":13,"href":"https:\/\/yxploreholdings.com\/fr\/wp-json\/wp\/v2\/pages\/247\/revisions"}],"predecessor-version":[{"id":467,"href":"https:\/\/yxploreholdings.com\/fr\/wp-json\/wp\/v2\/pages\/247\/revisions\/467"}],"wp:attachment":[{"href":"https:\/\/yxploreholdings.com\/fr\/wp-json\/wp\/v2\/media?parent=247"}],"curies":[{"name":"wp","href":"https:\/\/api.w.org\/{rel}","templated":true}]}}