{"id":245,"date":"2025-08-29T10:38:45","date_gmt":"2025-08-29T10:38:45","guid":{"rendered":"https:\/\/demo.blockskit.com\/corporate-agency\/?page_id=211"},"modified":"2026-01-20T19:48:21","modified_gmt":"2026-01-20T19:48:21","slug":"service","status":"publish","type":"page","link":"https:\/\/yxploreholdings.com\/fr\/service\/","title":{"rendered":"Services"},"content":{"rendered":"<div class=\"wp-block-group alignfull has-surface-background-color has-background has-global-padding is-layout-constrained wp-container-core-group-is-layout-dd404a28 wp-block-group-is-layout-constrained\" style=\"margin-top:0;margin-bottom:0;padding-top:90px;padding-bottom:90px\">\n<div class=\"wp-block-group is-layout-grid wp-container-core-group-is-layout-1ca65faf wp-block-group-is-layout-grid\">\n<div class=\"wp-block-group has-pure-white-background-color has-background has-global-padding is-layout-constrained wp-container-core-group-is-layout-d0657f42 wp-block-group-is-layout-constrained\" style=\"border-radius:15px;padding-top:0;padding-bottom:0;box-shadow:var(--wp--preset--shadow--shadow-1)\">\n<div class=\"wp-block-group has-global-padding is-layout-constrained wp-container-core-group-is-layout-56bc72cb wp-block-group-is-layout-constrained\" style=\"padding-top:var(--wp--preset--spacing--medium);padding-right:var(--wp--preset--spacing--medium);padding-left:var(--wp--preset--spacing--medium)\">      \n\t\t\t<div class=\"uagb-icon-wrapper uagb-block-64ba2264\"\n\t\t\tstyle=\"\" >\n\t\t\t\t\t\t\t\t\t<span class=\"uagb-svg-wrapper\" \n\t\t\t\t\t aria-label=\"plane-departure\"\t\t\t\t\ttabindex=\"0\">\t\t\n\t\t\t\t\t\t\t\t\t\t<svg xmlns=\"https:\/\/www.w3.org\/2000\/svg\" viewbox= \"0 0 640 512\" role=\"graphics-symbol\" aria-hidden=\"false\" aria-label=\"\"><path d=\"M484.6 62C502.6 52.8 522.6 48 542.8 48H600.2C627.2 48 645.9 74.95 636.4 100.2C618.2 148.9 582.1 188.9 535.6 212.2L262.8 348.6C258.3 350.8 253.4 352 248.4 352H110.7C101.4 352 92.5 347.9 86.42 340.8L13.34 255.6C6.562 247.7 9.019 235.5 18.33 230.8L50.49 214.8C59.05 210.5 69.06 210.2 77.8 214.1L135.1 239.1L234.6 189.7L87.64 95.2C77.21 88.49 78.05 72.98 89.14 67.43L135 44.48C150.1 36.52 169.5 35.55 186.1 41.8L381 114.9L484.6 62zM0 480C0 462.3 14.33 448 32 448H608C625.7 448 640 462.3 640 480C640 497.7 625.7 512 608 512H32C14.33 512 0 497.7 0 480z\"><\/path><\/svg>\n\t\t\t\t\t\t\t\t\t<\/span>\n\t\t\t\t\t\t\t<\/div>\n\t\t\t\n\n\n<h4 class=\"wp-block-heading has-text-align-center has-text-color has-link-color has-bai-jamjuree-font-family wp-elements-e9e7eee5453d9a92d2a721983d389460\" style=\"color:#1c51ed;font-size:26px;font-style:normal;font-weight:600\">Compagnies a\u00e9riennes<\/h4>\n\n\n\n<div style=\"height:15px\" aria-hidden=\"true\" class=\"wp-block-spacer\"><\/div>\n\n\n\n<p class=\"has-text-align-center wp-block-paragraph\">Int\u00e9grez facilement votre inventaire \u00e0 notre plateforme innovante et b\u00e9n\u00e9ficiez d'un acc\u00e8s direct \u00e0 des millions de voyageurs \u00e0 travers le monde. Gr\u00e2ce \u00e0 notre technologie API puissante et fiable, vous b\u00e9n\u00e9ficiez d'une int\u00e9gration fluide et ininterrompue, optimisant ainsi la visibilit\u00e9 et la gestion de vos offres.<\/p>\n<\/div>\n\n\n\n<div class=\"wp-block-uagb-counter uagb-block-399313ba wp-block-uagb-counter--number\"><div class=\"wp-block-uagb-counter__number\"><span class=\"uagb-counter-block-number\" data-duration=\"1.5\" data-to-value=\"300\" data-from-value=\"0\" data-delimiter=\",\"><\/span><span class=\"uagb-counter-block-suffix\">+<\/span><\/div><div class=\"wp-block-uagb-counter__title\">Compagnies a\u00e9riennes<\/div><\/div>\n\n\n\n<div style=\"height:15px\" aria-hidden=\"true\" class=\"wp-block-spacer\"><\/div>\n\n\n\n<div style=\"height:15px\" aria-hidden=\"true\" class=\"wp-block-spacer\"><\/div>\n<\/div>\n\n\n\n<div class=\"wp-block-group has-pure-white-background-color has-background has-global-padding is-layout-constrained wp-container-core-group-is-layout-d0657f42 wp-block-group-is-layout-constrained\" style=\"border-radius:15px;padding-top:0;padding-bottom:0;box-shadow:var(--wp--preset--shadow--shadow-1)\">\n<div class=\"wp-block-group has-global-padding is-layout-constrained wp-container-core-group-is-layout-56bc72cb wp-block-group-is-layout-constrained\" style=\"padding-top:var(--wp--preset--spacing--medium);padding-right:var(--wp--preset--spacing--medium);padding-left:var(--wp--preset--spacing--medium)\">      \n\t\t\t<div class=\"uagb-icon-wrapper uagb-block-7936be85\"\n\t\t\tstyle=\"\" >\n\t\t\t\t\t\t\t\t\t<span class=\"uagb-svg-wrapper\" \n\t\t\t\t\t aria-label=\"h\u00f4tel\"\t\t\t\t\ttabindex=\"0\">\t\t\n\t\t\t\t\t\t\t\t\t\t<svg xmlns=\"https:\/\/www.w3.org\/2000\/svg\" viewbox= \"0 0 512 512\" role=\"graphics-symbol\" aria-hidden=\"false\" aria-label=\"\"><path d=\"M480 0C497.7 0 512 14.33 512 32C512 49.67 497.7 64 480 64V448C497.7 448 512 462.3 512 480C512 497.7 497.7 512 480 512H304V448H208V512H32C14.33 512 0 497.7 0 480C0 462.3 14.33 448 32 448V64C14.33 64 0 49.67 0 32C0 14.33 14.33 0 32 0H480zM112 96C103.2 96 96 103.2 96 112V144C96 152.8 103.2 160 112 160H144C152.8 160 160 152.8 160 144V112C160 103.2 152.8 96 144 96H112zM224 144C224 152.8 231.2 160 240 160H272C280.8 160 288 152.8 288 144V112C288 103.2 280.8 96 272 96H240C231.2 96 224 103.2 224 112V144zM368 96C359.2 96 352 103.2 352 112V144C352 152.8 359.2 160 368 160H400C408.8 160 416 152.8 416 144V112C416 103.2 408.8 96 400 96H368zM96 240C96 248.8 103.2 256 112 256H144C152.8 256 160 248.8 160 240V208C160 199.2 152.8 192 144 192H112C103.2 192 96 199.2 96 208V240zM240 192C231.2 192 224 199.2 224 208V240C224 248.8 231.2 256 240 256H272C280.8 256 288 248.8 288 240V208C288 199.2 280.8 192 272 192H240zM352 240C352 248.8 359.2 256 368 256H400C408.8 256 416 248.8 416 240V208C416 199.2 408.8 192 400 192H368C359.2 192 352 199.2 352 208V240zM256 288C211.2 288 173.5 318.7 162.1 360.2C159.7 373.1 170.7 384 184 384H328C341.3 384 352.3 373.1 349 360.2C338.5 318.7 300.8 288 256 288z\"><\/path><\/svg>\n\t\t\t\t\t\t\t\t\t<\/span>\n\t\t\t\t\t\t\t<\/div>\n\t\t\t\n\n\n<h4 class=\"wp-block-heading has-text-align-center has-text-color has-link-color has-bai-jamjuree-font-family wp-elements-7eb8b8444789e06440c5a212ba20840f\" style=\"color:#1c51ed;font-size:26px;font-style:normal;font-weight:600\">H\u00f4tels &amp; Restaurants<\/h4>\n\n\n\n<div style=\"height:15px\" aria-hidden=\"true\" class=\"wp-block-spacer\"><\/div>\n\n\n\n<div style=\"height:22px\" aria-hidden=\"true\" class=\"wp-block-spacer\"><\/div>\n\n\n\n<p class=\"has-text-align-center wp-block-paragraph\">Optimisez votre taux d'occupation tout en augmentant consid\u00e9rablement votre visibilit\u00e9 aupr\u00e8s d'un public international et diversifi\u00e9. B\u00e9n\u00e9ficiez d'une gestion simplifi\u00e9e et intuitive, accompagn\u00e9e de rapports d\u00e9taill\u00e9s et pr\u00e9cis disponibles en temps r\u00e9el pour un suivi optimal des performances.<\/p>\n<\/div>\n\n\n\n<div class=\"wp-block-uagb-counter uagb-block-571ecbf6 wp-block-uagb-counter--number\"><div class=\"wp-block-uagb-counter__number\"><span class=\"uagb-counter-block-prefix\">1,<\/span><span class=\"uagb-counter-block-number\" data-duration=\"2.201\" data-to-value=\"6\" data-from-value=\"0\" data-delimiter=\",\"><\/span><span class=\"uagb-counter-block-suffix\">M+<\/span><\/div><div class=\"wp-block-uagb-counter__title\">Propri\u00e9t\u00e9s dans le monde entier<\/div><\/div>\n<\/div>\n\n\n\n<div class=\"wp-block-group has-pure-white-background-color has-background has-global-padding is-layout-constrained wp-container-core-group-is-layout-d0657f42 wp-block-group-is-layout-constrained\" style=\"border-radius:15px;padding-top:0;padding-bottom:0;box-shadow:var(--wp--preset--shadow--shadow-1)\">\n<div class=\"wp-block-group has-global-padding is-layout-constrained wp-container-core-group-is-layout-56bc72cb wp-block-group-is-layout-constrained\" style=\"padding-top:var(--wp--preset--spacing--medium);padding-right:var(--wp--preset--spacing--medium);padding-left:var(--wp--preset--spacing--medium)\">      \n\t\t\t<div class=\"uagb-icon-wrapper uagb-block-2c272f7d\"\n\t\t\tstyle=\"\" >\n\t\t\t\t\t\t\t\t\t<span class=\"uagb-svg-wrapper\" \n\t\t\t\t\t aria-label=\"billet\"\t\t\t\t\ttabindex=\"0\">\t\t\n\t\t\t\t\t\t\t\t\t\t<svg xmlns=\"https:\/\/www.w3.org\/2000\/svg\" viewbox= \"0 0 576 512\" role=\"graphics-symbol\" aria-hidden=\"false\" aria-label=\"\"><path d=\"M128 160H448V352H128V160zM512 64C547.3 64 576 92.65 576 128V208C549.5 208 528 229.5 528 256C528 282.5 549.5 304 576 304V384C576 419.3 547.3 448 512 448H64C28.65 448 0 419.3 0 384V304C26.51 304 48 282.5 48 256C48 229.5 26.51 208 0 208V128C0 92.65 28.65 64 64 64H512zM96 352C96 369.7 110.3 384 128 384H448C465.7 384 480 369.7 480 352V160C480 142.3 465.7 128 448 128H128C110.3 128 96 142.3 96 160V352z\"><\/path><\/svg>\n\t\t\t\t\t\t\t\t\t<\/span>\n\t\t\t\t\t\t\t<\/div>\n\t\t\t\n\n\n<h4 class=\"wp-block-heading has-text-align-center has-text-color has-link-color has-bai-jamjuree-font-family wp-elements-61193104e59293e045da7a2dafca4a9e\" style=\"color:#1c51ed;font-size:26px;font-style:normal;font-weight:600\">Partenariats \u00e9v\u00e9nementiels<\/h4>\n\n\n\n<div style=\"height:15px\" aria-hidden=\"true\" class=\"wp-block-spacer\"><\/div>\n\n\n\n<p class=\"has-text-align-center wp-block-paragraph\">Vendez vos billets \u00e0 un public international soigneusement cibl\u00e9 et b\u00e9n\u00e9ficiez d'une visibilit\u00e9 accrue sur plusieurs march\u00e9s \u00e0 travers le monde. Profitez d'une promotion multicanale efficace et d'une gestion centralis\u00e9e simplifi\u00e9e de votre billetterie pour optimiser vos ventes et gagner du temps.<\/p>\n<\/div>\n\n\n\n<div class=\"wp-block-uagb-counter uagb-block-4a1de332 wp-block-uagb-counter--number\"><div class=\"wp-block-uagb-counter__number\"><span class=\"uagb-counter-block-prefix\">1,<\/span><span class=\"uagb-counter-block-number\" data-duration=\"1.5\" data-to-value=\"8\" data-from-value=\"0\" data-delimiter=\",\"><\/span><span class=\"uagb-counter-block-suffix\">K+<\/span><\/div><div class=\"wp-block-uagb-counter__title\">\u00c9v\u00e9nements<\/div><\/div>\n<\/div>\n\n\n\n<div class=\"wp-block-group has-pure-white-background-color has-background has-global-padding is-layout-constrained wp-container-core-group-is-layout-d0657f42 wp-block-group-is-layout-constrained\" style=\"border-radius:15px;padding-top:0;padding-bottom:0;box-shadow:var(--wp--preset--shadow--shadow-1)\">\n<div class=\"wp-block-group has-global-padding is-layout-constrained wp-container-core-group-is-layout-56bc72cb wp-block-group-is-layout-constrained\" style=\"padding-top:var(--wp--preset--spacing--medium);padding-right:var(--wp--preset--spacing--medium);padding-left:var(--wp--preset--spacing--medium)\">      \n\t\t\t<div class=\"uagb-icon-wrapper uagb-block-d13046e7\"\n\t\t\tstyle=\"\" >\n\t\t\t\t\t\t\t\t\t<span class=\"uagb-svg-wrapper\" \n\t\t\t\t\t aria-label=\"chart-pie\"\t\t\t\t\ttabindex=\"0\">\t\t\n\t\t\t\t\t\t\t\t\t\t<svg xmlns=\"https:\/\/www.w3.org\/2000\/svg\" viewbox= \"0 0 576 512\" role=\"graphics-symbol\" aria-hidden=\"false\" aria-label=\"\"><path d=\"M304 16.58C304 7.555 310.1 0 320 0C443.7 0 544 100.3 544 224C544 233 536.4 240 527.4 240H304V16.58zM32 272C32 150.7 122.1 50.34 238.1 34.25C248.2 32.99 256 40.36 256 49.61V288L412.5 444.5C419.2 451.2 418.7 462.2 411 467.7C371.8 495.6 323.8 512 272 512C139.5 512 32 404.6 32 272zM558.4 288C567.6 288 575 295.8 573.8 305C566.1 360.9 539.1 410.6 499.9 447.3C493.9 452.1 484.5 452.5 478.7 446.7L320 288H558.4z\"><\/path><\/svg>\n\t\t\t\t\t\t\t\t\t<\/span>\n\t\t\t\t\t\t\t<\/div>\n\t\t\t\n\n\n<h4 class=\"wp-block-heading has-text-align-center has-text-color has-link-color has-bai-jamjuree-font-family wp-elements-b36841a9252e568dbe6df1150c549468\" style=\"color:#1c51ed;font-size:26px;font-style:normal;font-weight:600\">Services marketing<\/h4>\n\n\n\n<div style=\"height:6px\" aria-hidden=\"true\" class=\"wp-block-spacer\"><\/div>\n\n\n\n<p class=\"has-text-align-center wp-block-paragraph\">Tirez pleinement parti de notre expertise approfondie et reconnue en marketing num\u00e9rique pour promouvoir efficacement toutes vos offres et atteindre une client\u00e8le internationale beaucoup plus large et diversifi\u00e9e. Nous mettons en \u0153uvre des campagnes strat\u00e9giquement cibl\u00e9es et soigneusement personnalis\u00e9es afin de maximiser votre visibilit\u00e9 et d'optimiser votre impact sur vos march\u00e9s cibles, garantissant ainsi des r\u00e9sultats tangibles et durables.<\/p>\n<\/div>\n\n\n\n<div style=\"height:23px\" aria-hidden=\"true\" class=\"wp-block-spacer\"><\/div>\n\n\n\n<div class=\"wp-block-uagb-counter uagb-block-ae672fef wp-block-uagb-counter--number\"><div class=\"wp-block-uagb-counter__number\"><span class=\"uagb-counter-block-number\" data-duration=\"1.5\" data-to-value=\"360\" data-from-value=\"0\" data-delimiter=\",\"><\/span><span class=\"uagb-counter-block-suffix\">\u00b0<\/span><\/div><div class=\"wp-block-uagb-counter__title\">Approche<\/div><\/div>\n\n\n\n<div style=\"height:14px\" aria-hidden=\"true\" class=\"wp-block-spacer\"><\/div>\n<\/div>\n\n\n\n<div class=\"wp-block-group has-pure-white-background-color has-background has-global-padding is-layout-constrained wp-container-core-group-is-layout-d0657f42 wp-block-group-is-layout-constrained\" style=\"border-radius:15px;padding-top:0;padding-bottom:0;box-shadow:var(--wp--preset--shadow--shadow-1)\">\n<div class=\"wp-block-group has-global-padding is-layout-constrained wp-container-core-group-is-layout-56bc72cb wp-block-group-is-layout-constrained\" style=\"padding-top:var(--wp--preset--spacing--medium);padding-right:var(--wp--preset--spacing--medium);padding-left:var(--wp--preset--spacing--medium)\">      \n\t\t\t<div class=\"uagb-icon-wrapper uagb-block-d77411f9\"\n\t\t\tstyle=\"\" >\n\t\t\t\t\t\t\t\t\t<span class=\"uagb-svg-wrapper\" \n\t\t\t\t\t aria-label=\"globe terrestre\"\t\t\t\t\ttabindex=\"0\">\t\t\n\t\t\t\t\t\t\t\t\t\t<svg xmlns=\"https:\/\/www.w3.org\/2000\/svg\" viewbox= \"0 0 512 512\" role=\"graphics-symbol\" aria-hidden=\"false\" aria-label=\"\"><path d=\"M352 256C352 278.2 350.8 299.6 348.7 320H163.3C161.2 299.6 159.1 278.2 159.1 256C159.1 233.8 161.2 212.4 163.3 192H348.7C350.8 212.4 352 233.8 352 256zM503.9 192C509.2 212.5 512 233.9 512 256C512 278.1 509.2 299.5 503.9 320H380.8C382.9 299.4 384 277.1 384 256C384 234 382.9 212.6 380.8 192H503.9zM493.4 160H376.7C366.7 96.14 346.9 42.62 321.4 8.442C399.8 29.09 463.4 85.94 493.4 160zM344.3 160H167.7C173.8 123.6 183.2 91.38 194.7 65.35C205.2 41.74 216.9 24.61 228.2 13.81C239.4 3.178 248.7 0 256 0C263.3 0 272.6 3.178 283.8 13.81C295.1 24.61 306.8 41.74 317.3 65.35C328.8 91.38 338.2 123.6 344.3 160H344.3zM18.61 160C48.59 85.94 112.2 29.09 190.6 8.442C165.1 42.62 145.3 96.14 135.3 160H18.61zM131.2 192C129.1 212.6 127.1 234 127.1 256C127.1 277.1 129.1 299.4 131.2 320H8.065C2.8 299.5 0 278.1 0 256C0 233.9 2.8 212.5 8.065 192H131.2zM194.7 446.6C183.2 420.6 173.8 388.4 167.7 352H344.3C338.2 388.4 328.8 420.6 317.3 446.6C306.8 470.3 295.1 487.4 283.8 498.2C272.6 508.8 263.3 512 255.1 512C248.7 512 239.4 508.8 228.2 498.2C216.9 487.4 205.2 470.3 194.7 446.6H194.7zM190.6 503.6C112.2 482.9 48.59 426.1 18.61 352H135.3C145.3 415.9 165.1 469.4 190.6 503.6V503.6zM321.4 503.6C346.9 469.4 366.7 415.9 376.7 352H493.4C463.4 426.1 399.8 482.9 321.4 503.6V503.6z\"><\/path><\/svg>\n\t\t\t\t\t\t\t\t\t<\/span>\n\t\t\t\t\t\t\t<\/div>\n\t\t\t\n\n\n<h4 class=\"wp-block-heading has-text-align-center has-text-color has-link-color has-bai-jamjuree-font-family wp-elements-d426c3f3594dc3bacc28aa75d5882fa5\" style=\"color:#1c51ed;font-size:26px;font-style:normal;font-weight:600\">Int\u00e9gration API<\/h4>\n\n\n\n<div style=\"height:6px\" aria-hidden=\"true\" class=\"wp-block-spacer\"><\/div>\n\n\n\n<p class=\"has-text-align-center wp-block-paragraph\">Connectez facilement vos syst\u00e8mes \u00e0 notre plateforme gr\u00e2ce \u00e0 notre API robuste, puissante et soigneusement document\u00e9e. B\u00e9n\u00e9ficiez d'une assistance technique d\u00e9di\u00e9e et r\u00e9active pour garantir une int\u00e9gration fluide, rapide et transparente. Notre \u00e9quipe est \u00e0 votre disposition pour vous aider \u00e0 chaque \u00e9tape et r\u00e9soudre tous les probl\u00e8mes que vous pourriez rencontrer.<br><\/p>\n<\/div>\n\n\n\n<div style=\"height:42px\" aria-hidden=\"true\" class=\"wp-block-spacer\"><\/div>\n\n\n\n<div class=\"wp-block-uagb-counter uagb-block-7e7f5187 wp-block-uagb-counter--number\"><div class=\"wp-block-uagb-counter__number\"><span class=\"uagb-counter-block-prefix\">99,<\/span><span class=\"uagb-counter-block-number\" data-duration=\"1.5\" data-to-value=\"3\" data-from-value=\"0\" data-delimiter=\",\"><\/span><span class=\"uagb-counter-block-suffix\">%<\/span><\/div><div class=\"wp-block-uagb-counter__title\">Disponible<\/div><\/div>\n<\/div>\n\n\n\n<div class=\"wp-block-group has-pure-white-background-color has-background has-global-padding is-layout-constrained wp-container-core-group-is-layout-d0657f42 wp-block-group-is-layout-constrained\" style=\"border-radius:15px;padding-top:0;padding-bottom:0;box-shadow:var(--wp--preset--shadow--shadow-1)\">\n<div class=\"wp-block-group has-global-padding is-layout-constrained wp-container-core-group-is-layout-56bc72cb wp-block-group-is-layout-constrained\" style=\"padding-top:var(--wp--preset--spacing--medium);padding-right:var(--wp--preset--spacing--medium);padding-left:var(--wp--preset--spacing--medium)\">      \n\t\t\t<div class=\"uagb-icon-wrapper uagb-block-4d29fd46\"\n\t\t\tstyle=\"\" >\n\t\t\t\t\t\t\t\t\t<span class=\"uagb-svg-wrapper\" \n\t\t\t\t\t aria-label=\"building-circle-check\"\t\t\t\t\ttabindex=\"0\">\t\t\n\t\t\t\t\t\t\t\t\t\t<svg xmlns=\"https:\/\/www.w3.org\/2000\/svg\" viewbox= \"0 0 640 512\" role=\"graphics-symbol\" aria-hidden=\"false\" aria-label=\"\"><path d=\"M336 0C362.5 0 384 21.49 384 48V232.2C344.9 264.5 320 313.3 320 368C320 417.5 340.4 462.2 373.3 494.2C364.5 505.1 351.1 512 336 512H240V432C240 405.5 218.5 384 192 384C165.5 384 144 405.5 144 432V512H48C21.49 512 0 490.5 0 464V48C0 21.49 21.49 0 48 0H336zM64 272C64 280.8 71.16 288 80 288H112C120.8 288 128 280.8 128 272V240C128 231.2 120.8 224 112 224H80C71.16 224 64 231.2 64 240V272zM176 224C167.2 224 160 231.2 160 240V272C160 280.8 167.2 288 176 288H208C216.8 288 224 280.8 224 272V240C224 231.2 216.8 224 208 224H176zM256 272C256 280.8 263.2 288 272 288H304C312.8 288 320 280.8 320 272V240C320 231.2 312.8 224 304 224H272C263.2 224 256 231.2 256 240V272zM80 96C71.16 96 64 103.2 64 112V144C64 152.8 71.16 160 80 160H112C120.8 160 128 152.8 128 144V112C128 103.2 120.8 96 112 96H80zM160 144C160 152.8 167.2 160 176 160H208C216.8 160 224 152.8 224 144V112C224 103.2 216.8 96 208 96H176C167.2 96 160 103.2 160 112V144zM272 96C263.2 96 256 103.2 256 112V144C256 152.8 263.2 160 272 160H304C312.8 160 320 152.8 320 144V112C320 103.2 312.8 96 304 96H272zM640 368C640 447.5 575.5 512 496 512C416.5 512 352 447.5 352 368C352 288.5 416.5 224 496 224C575.5 224 640 288.5 640 368zM540.7 324.7L480 385.4L451.3 356.7C445.1 350.4 434.9 350.4 428.7 356.7C422.4 362.9 422.4 373.1 428.7 379.3L468.7 419.3C474.9 425.6 485.1 425.6 491.3 419.3L563.3 347.3C569.6 341.1 569.6 330.9 563.3 324.7C557.1 318.4 546.9 318.4 540.7 324.7H540.7z\"><\/path><\/svg>\n\t\t\t\t\t\t\t\t\t<\/span>\n\t\t\t\t\t\t\t<\/div>\n\t\t\t\n\n\n<h4 class=\"wp-block-heading has-text-align-center has-text-color has-link-color has-bai-jamjuree-font-family wp-elements-230ccaf86297b6d3733be3d728dcdd3c\" style=\"color:#1c51ed;font-size:26px;font-style:normal;font-weight:600\">Partenariats immobiliers<\/h4>\n\n\n\n<div style=\"height:6px\" aria-hidden=\"true\" class=\"wp-block-spacer\"><\/div>\n\n\n\n<p class=\"has-text-align-center wp-block-paragraph\"> Pr\u00e9sentez vos projets ambitieux \u00e0 un vaste r\u00e9seau d'investisseurs internationaux hautement qualifi\u00e9s et exp\u00e9riment\u00e9s, pleinement engag\u00e9s dans la r\u00e9ussite de vos initiatives. B\u00e9n\u00e9ficiez d'un acc\u00e8s privil\u00e9gi\u00e9 et exclusif \u00e0 une gamme compl\u00e8te et diversifi\u00e9e d'outils financiers innovants, soigneusement con\u00e7us et adapt\u00e9s pour r\u00e9pondre pr\u00e9cis\u00e9ment aux besoins sp\u00e9cifiques et aux attentes \u00e9lev\u00e9es de vos clients les plus exigeants.<\/p>\n<\/div>\n\n\n\n<div style=\"height:34px\" aria-hidden=\"true\" class=\"wp-block-spacer\"><\/div>\n\n\n\n<div style=\"height:38px\" aria-hidden=\"true\" class=\"wp-block-spacer\"><\/div>\n<\/div>\n<\/div>\n<\/div>\n\n\n\n<div class=\"wp-block-cover alignfull is-repeated\" style=\"min-height:591px;aspect-ratio:unset;\"><div class=\"wp-block-cover__image-background wp-image-207 size-large is-repeated\" style=\"background-position:50% 50%;background-image:url(https:\/\/demo.blockskit.com\/corporate-agency\/wp-content\/uploads\/sites\/144\/2025\/08\/blog-img2-1024x683.jpg)\"><\/div><span aria-hidden=\"true\" class=\"wp-block-cover__background has-foreground-background-color has-background-dim-70 has-background-dim\"><\/span><div class=\"wp-block-cover__inner-container has-global-padding is-layout-constrained wp-container-core-cover-is-layout-bf8f743a wp-block-cover-is-layout-constrained\">\n<div class=\"wp-block-columns is-layout-flex wp-container-core-columns-is-layout-80868740 wp-block-columns-is-layout-flex\">\n<div class=\"wp-block-column is-layout-flow wp-block-column-is-layout-flow\" style=\"flex-basis:20%\"><\/div>\n\n\n\n<div class=\"wp-block-column is-layout-flow wp-block-column-is-layout-flow\" style=\"flex-basis:60%\">\n<div class=\"wp-block-group has-global-padding is-layout-constrained wp-block-group-is-layout-constrained\">\n<div class=\"wp-block-group has-global-padding is-layout-constrained wp-container-core-group-is-layout-15fec9ab wp-block-group-is-layout-constrained\">\n<div class=\"wp-block-group is-content-justification-center is-nowrap is-layout-flex wp-container-core-group-is-layout-81b3be47 wp-block-group-is-layout-flex\">\n<hr class=\"wp-block-separator has-text-color has-pure-white-color has-alpha-channel-opacity has-pure-white-background-color has-background wp-container-content-e1bb55cb\"\/>\n\n\n\n<h6 class=\"wp-block-heading has-text-align-center has-pure-white-color has-text-color has-link-color has-x-small-font-size wp-elements-bd12a0e552204c14b4bc834b9aa3ff7b\">Pre-inscription<\/h6>\n\n\n\n<hr class=\"wp-block-separator has-text-color has-pure-white-color has-alpha-channel-opacity has-pure-white-background-color has-background wp-container-content-e1bb55cb\"\/>\n<\/div>\n\n\n\n<h2 class=\"wp-block-heading has-text-align-center has-bai-jamjuree-font-family\" style=\"font-style:normal;font-weight:600;line-height:1.1\">L'avenir du voyage arrive bient\u00f4t<\/h2>\n<\/div>\n\n\n\n<p class=\"has-text-align-center wp-block-paragraph\">YXPLORE r\u00e9volutionne le secteur du voyage en combinant r\u00e9servation et opportunit\u00e9s d'investissement. Soyez parmi les premiers \u00e0 d\u00e9couvrir notre plateforme innovante.<\/p>\n<\/div>\n<\/div>\n\n\n\n<div class=\"wp-block-column is-layout-flow wp-block-column-is-layout-flow\" style=\"flex-basis:20%\"><\/div>\n<\/div>\n\n\n\n<div class=\"wp-block-uagb-countdown uagb-block-7c1702ae\"><div class=\"wp-block-uagb-countdown__box wp-block-uagb-countdown__box-days\"><div role=\"timer\" aria-live=\"off\" class=\"wp-block-uagb-countdown__time wp-block-uagb-countdown__time-days\">&#8211;<\/div><div class=\"wp-block-uagb-countdown__label\">JOURS<\/div><\/div><div class=\"wp-block-uagb-countdown__box wp-block-uagb-countdown__box-hours\"><div role=\"timer\" aria-live=\"off\" class=\"wp-block-uagb-countdown__time wp-block-uagb-countdown__time-hours\">&#8211;<\/div><div class=\"wp-block-uagb-countdown__label\">HEURES<\/div><\/div><div class=\"wp-block-uagb-countdown__box wp-block-uagb-countdown__box-minutes\"><div role=\"timer\" aria-live=\"off\" class=\"wp-block-uagb-countdown__time wp-block-uagb-countdown__time-minutes\">&#8211;<\/div><div class=\"wp-block-uagb-countdown__label\">MINUTES<\/div><\/div><div class=\"wp-block-uagb-countdown__box wp-block-uagb-countdown__box-seconds\"><div role=\"timer\" aria-live=\"off\" class=\"wp-block-uagb-countdown__time wp-block-uagb-countdown__time-seconds\">&#8211;<\/div><div class=\"wp-block-uagb-countdown__label\">SECONDES<\/div><\/div><\/div>\n\n\n\n<div class=\"wp-block-buttons is-content-justification-center is-layout-flex wp-container-core-buttons-is-layout-a49f0ca2 wp-block-buttons-is-layout-flex\">\n<div class=\"wp-block-button\"><a class=\"wp-block-button__link has-accent-color has-pure-white-background-color has-text-color has-background has-link-color wp-element-button\" href=\"https:\/\/ee.kobotoolbox.org\/x\/kAEmvs8A\" style=\"border-radius:30px;padding-top:16px;padding-right:30px;padding-bottom:16px;padding-left:30px\">Pr\u00e9-enregistrez-vous en tant qu'utilisateur<\/a><\/div>\n\n\n\n<div class=\"wp-block-button is-style-outline is-style-outline--1\"><a class=\"wp-block-button__link has-pure-white-color has-text-color has-link-color wp-element-button\" href=\"https:\/\/ee.kobotoolbox.org\/x\/kAEmvs8A\" style=\"border-width:1px;border-radius:30px;padding-top:16px;padding-right:30px;padding-bottom:16px;padding-left:30px\">Pr\u00e9inscrivez-vous en tant que commer\u00e7ant<\/a><\/div>\n<\/div>\n<\/div><\/div>","protected":false},"excerpt":{"rendered":"<p>Airline Partnerships Easily integrate your inventory into our innovative platform and enjoy direct access to millions of travelers worldwide. Thanks to our powerful and reliable API technology, you benefit from seamless, uninterrupted integration, optimizing the visibility and management of your offers. Hotel Partnerships Maximize your occupancy rate while significantly increasing your visibility to a diverse [&hellip;]<\/p>\n","protected":false},"author":1,"featured_media":0,"parent":0,"menu_order":0,"comment_status":"closed","ping_status":"closed","template":"page-no-gap","meta":{"_crdt_document":"","_uag_custom_page_level_css":"","footnotes":""},"class_list":["post-245","page","type-page","status-publish","hentry"],"uagb_featured_image_src":{"full":false,"thumbnail":false,"medium":false,"medium_large":false,"large":false,"1536x1536":false,"2048x2048":false,"trp-custom-language-flag":false},"uagb_author_info":{"display_name":"admin","author_link":"https:\/\/yxploreholdings.com\/fr\/author\/admin\/"},"uagb_comment_info":0,"uagb_excerpt":"Airline Partnerships Easily integrate your inventory into our innovative platform and enjoy direct access to millions of travelers worldwide. Thanks to our powerful and reliable API technology, you benefit from seamless, uninterrupted integration, optimizing the visibility and management of your offers. Hotel Partnerships Maximize your occupancy rate while significantly increasing your visibility to a diverse\u2026","jetpack_sharing_enabled":true,"_links":{"self":[{"href":"https:\/\/yxploreholdings.com\/fr\/wp-json\/wp\/v2\/pages\/245","targetHints":{"allow":["GET"]}}],"collection":[{"href":"https:\/\/yxploreholdings.com\/fr\/wp-json\/wp\/v2\/pages"}],"about":[{"href":"https:\/\/yxploreholdings.com\/fr\/wp-json\/wp\/v2\/types\/page"}],"author":[{"embeddable":true,"href":"https:\/\/yxploreholdings.com\/fr\/wp-json\/wp\/v2\/users\/1"}],"replies":[{"embeddable":true,"href":"https:\/\/yxploreholdings.com\/fr\/wp-json\/wp\/v2\/comments?post=245"}],"version-history":[{"count":24,"href":"https:\/\/yxploreholdings.com\/fr\/wp-json\/wp\/v2\/pages\/245\/revisions"}],"predecessor-version":[{"id":482,"href":"https:\/\/yxploreholdings.com\/fr\/wp-json\/wp\/v2\/pages\/245\/revisions\/482"}],"wp:attachment":[{"href":"https:\/\/yxploreholdings.com\/fr\/wp-json\/wp\/v2\/media?parent=245"}],"curies":[{"name":"wp","href":"https:\/\/api.w.org\/{rel}","templated":true}]}}